{"id":1148,"date":"2018-09-17T11:53:32","date_gmt":"2018-09-17T11:53:32","guid":{"rendered":"https:\/\/www.rastoke-croatia.com\/?page_id=1148"},"modified":"2018-09-17T11:53:32","modified_gmt":"2018-09-17T11:53:32","slug":"centar-za-privatnost","status":"publish","type":"page","link":"https:\/\/rastoke-croatia.com\/hr\/centar-za-privatnost\/","title":{"rendered":"Centar za privatnost"},"content":{"rendered":"<div class=\"wordpress-gdpr-privacy-center\"><div class=\"wordpress-gdpr-privacy-center-items\"><a href=\"https:\/\/rastoke-croatia.com\/hr\/dpo-na-zahtjev\/\" class=\"wordpress-gdpr-privacy-center-item\"><div class=\"wordpress-gdpr-privacy-center-item-contactDPO\"><i class=\"fa fa-user-circle-o\"><\/i><h2 class=\"wordpress-gdpr-privacy-center-item-headline\">DPO na zahtjev<\/h2><p class=\"wordpress-gdpr-privacy-center-item-desc\">Obratite se na\u0161em slu\u017ebeniku za za\u0161titu podataka.<\/p><div class=\"wordpress-gdpr-privacy-center-item-action\">Saznajte vi\u0161e<\/div><\/div><\/a><a href=\"https:\/\/rastoke-croatia.com\/hr\/politika-kolacica\/\" class=\"wordpress-gdpr-privacy-center-item\"><div class=\"wordpress-gdpr-privacy-center-item-cookiePolicy\"><i class=\"fa  fa-list-alt\"><\/i><h2 class=\"wordpress-gdpr-privacy-center-item-headline\">Politika kola\u010di\u0107a<\/h2><p class=\"wordpress-gdpr-privacy-center-item-desc\">Pro\u010ditajte vi\u0161e o na\u0161im pravilima o kola\u010di\u0107ima.<\/p><div class=\"wordpress-gdpr-privacy-center-item-action\">Saznajte vi\u0161e<\/div><\/div><\/a><a href=\"https:\/\/rastoke-croatia.com\/hr\/odricanje-od-odgovornosti\/\" class=\"wordpress-gdpr-privacy-center-item wordpress-gdpr-privacy-center-item-last\"><div class=\"wordpress-gdpr-privacy-center-item-disclaimer\"><i class=\"fa fa-gavel\"><\/i><h2 class=\"wordpress-gdpr-privacy-center-item-headline\">Odricanje od odgvornosti<\/h2><p class=\"wordpress-gdpr-privacy-center-item-desc\">Saznajte vi\u0161e o na\u0161im obvezama.<\/p><div class=\"wordpress-gdpr-privacy-center-item-action\">Saznajte vi\u0161e<\/div><\/div><\/a><a href=\"https:\/\/rastoke-croatia.com\/hr\/otisak\/\" class=\"wordpress-gdpr-privacy-center-item\"><div class=\"wordpress-gdpr-privacy-center-item-imprint\"><i class=\"fa fa-file-text-o\"><\/i><h2 class=\"wordpress-gdpr-privacy-center-item-headline\">Otisak<\/h2><p class=\"wordpress-gdpr-privacy-center-item-desc\">Saznajte vi\u0161e o na\u0161em vlasni\u0161tvu i autorstvu.<\/p><div class=\"wordpress-gdpr-privacy-center-item-action\">Saznajte vi\u0161e<\/div><\/div><\/a><a href=\"https:\/\/rastoke-croatia.com\/hr\/pravila-o-privatnosti\/\" class=\"wordpress-gdpr-privacy-center-item\"><div class=\"wordpress-gdpr-privacy-center-item-privacyPolicy\"><i class=\"fa fa-file-text\"><\/i><h2 class=\"wordpress-gdpr-privacy-center-item-headline\">Pravila o privatnosti<\/h2><p class=\"wordpress-gdpr-privacy-center-item-desc\">Ovdje pro\u010ditajte na\u0161e Pravilo o privatnosti.<\/p><div class=\"wordpress-gdpr-privacy-center-item-action\">Saznajte vi\u0161e<\/div><\/div><\/a><a href=\"https:\/\/rastoke-croatia.com\/hr\/uvjeti-koristenja\/\" class=\"wordpress-gdpr-privacy-center-item wordpress-gdpr-privacy-center-item-last\"><div class=\"wordpress-gdpr-privacy-center-item-termsConditions\"><i class=\"fa fa-align-left\"><\/i><h2 class=\"wordpress-gdpr-privacy-center-item-headline\">Uvjeti kori\u0161tenja<\/h2><p class=\"wordpress-gdpr-privacy-center-item-desc\">Pro\u010ditajte vi\u0161e o Uvjetima i odredbama na\u0161e web stranice.<\/p><div class=\"wordpress-gdpr-privacy-center-item-action\">Saznajte vi\u0161e<\/div><\/div><\/a><\/div><\/div>\n","protected":false},"excerpt":{"rendered":"DPO na zahtjevObratite se na\u0161em slu\u017ebeniku za za\u0161titu podataka.Saznajte vi\u0161ePolitika kola\u010di\u0107aPro\u010ditajte vi\u0161e o na\u0161im pravilima o kola\u010di\u0107ima.Saznajte vi\u0161eOdricanje od odgvornostiSaznajte vi\u0161e o na\u0161im obvezama.Saznajte vi\u0161eOtisakSaznajte vi\u0161e o na\u0161em vlasni\u0161tvu i","protected":false},"author":1,"featured_media":0,"parent":0,"menu_order":0,"comment_status":"closed","ping_status":"closed","template":"","meta":{"_acf_changed":false,"footnotes":""},"class_list":["post-1148","page","type-page","status-publish","hentry"],"acf":[],"_links":{"self":[{"href":"https:\/\/rastoke-croatia.com\/hr\/wp-json\/wp\/v2\/pages\/1148","targetHints":{"allow":["GET"]}}],"collection":[{"href":"https:\/\/rastoke-croatia.com\/hr\/wp-json\/wp\/v2\/pages"}],"about":[{"href":"https:\/\/rastoke-croatia.com\/hr\/wp-json\/wp\/v2\/types\/page"}],"author":[{"embeddable":true,"href":"https:\/\/rastoke-croatia.com\/hr\/wp-json\/wp\/v2\/users\/1"}],"replies":[{"embeddable":true,"href":"https:\/\/rastoke-croatia.com\/hr\/wp-json\/wp\/v2\/comments?post=1148"}],"version-history":[{"count":0,"href":"https:\/\/rastoke-croatia.com\/hr\/wp-json\/wp\/v2\/pages\/1148\/revisions"}],"wp:attachment":[{"href":"https:\/\/rastoke-croatia.com\/hr\/wp-json\/wp\/v2\/media?parent=1148"}],"curies":[{"name":"wp","href":"https:\/\/api.w.org\/{rel}","templated":true}]}}