{"id":1155,"date":"2018-09-17T12:19:03","date_gmt":"2018-09-17T12:19:03","guid":{"rendered":"https:\/\/www.rastoke-croatia.com\/?page_id=1155"},"modified":"2018-09-17T12:19:03","modified_gmt":"2018-09-17T12:19:03","slug":"odricanje-od-odgovornosti","status":"publish","type":"page","link":"https:\/\/rastoke-croatia.com\/hr\/odricanje-od-odgovornosti\/","title":{"rendered":"Odricanje od odgovornosti"},"content":{"rendered":"<p>Analiza web stranice je informativnog karaktera, te Slovin Unique &#8211; Rastoke ne preuzima bilo kakvu odgovornost za eventualnu financijsku i materijalnu \u0161tetu koja mo\u017ee nastati njezinom upotrebom. Slovin Unique &#8211; Rastoke ne\u0107e biti odgovorna za sadr\u017eaj analize niti za na\u010din na koji se taj sadr\u017eaj upotrebljava. Savjeti navedeni u analizi isporu\u010duju se naru\u010ditelju \u201ctakvi kakvi jesu\u201d bez bilo kakvog jamstva ili obe\u0107anja.<\/p>\n","protected":false},"excerpt":{"rendered":"<p>Analiza web stranice je informativnog karaktera, te Slovin Unique &#8211; Rastoke ne preuzima bilo kakvu odgovornost za eventualnu financijsku i materijalnu \u0161tetu koja mo\u017ee nastati njezinom upotrebom. Slovin Unique &#8211;<\/p>\n","protected":false},"author":1,"featured_media":0,"parent":0,"menu_order":0,"comment_status":"closed","ping_status":"closed","template":"","meta":{"_acf_changed":false,"footnotes":""},"class_list":["post-1155","page","type-page","status-publish","hentry"],"acf":[],"_links":{"self":[{"href":"https:\/\/rastoke-croatia.com\/hr\/wp-json\/wp\/v2\/pages\/1155","targetHints":{"allow":["GET"]}}],"collection":[{"href":"https:\/\/rastoke-croatia.com\/hr\/wp-json\/wp\/v2\/pages"}],"about":[{"href":"https:\/\/rastoke-croatia.com\/hr\/wp-json\/wp\/v2\/types\/page"}],"author":[{"embeddable":true,"href":"https:\/\/rastoke-croatia.com\/hr\/wp-json\/wp\/v2\/users\/1"}],"replies":[{"embeddable":true,"href":"https:\/\/rastoke-croatia.com\/hr\/wp-json\/wp\/v2\/comments?post=1155"}],"version-history":[{"count":0,"href":"https:\/\/rastoke-croatia.com\/hr\/wp-json\/wp\/v2\/pages\/1155\/revisions"}],"wp:attachment":[{"href":"https:\/\/rastoke-croatia.com\/hr\/wp-json\/wp\/v2\/media?parent=1155"}],"curies":[{"name":"wp","href":"https:\/\/api.w.org\/{rel}","templated":true}]}}