{"id":1159,"date":"2018-09-17T12:20:18","date_gmt":"2018-09-17T12:20:18","guid":{"rendered":"https:\/\/www.rastoke-croatia.com\/?page_id=1159"},"modified":"2018-09-17T12:20:35","modified_gmt":"2018-09-17T12:20:35","slug":"otisak","status":"publish","type":"page","link":"https:\/\/rastoke-croatia.com\/hr\/otisak\/","title":{"rendered":"Otisak"},"content":{"rendered":"<p><span class=\"style5\"><strong><span class=\"style6\">SLOVIN UNIQUE \u2013 RASTOKE d.o.o.\u00a0<\/span><\/strong><br \/>\nza proizvodnju,poslovne usluge i ugostiteljstvo<br \/>\n47240 Slunj, Rastoke 25b<\/span><\/p>\n<p>Dru\u0161tvo je upisano u sudski registar Trgova\u010dkog suda u Karlovcu pod br. MBS 020028569, MB:01436961<\/p>\n<p><strong><br \/>\n\u017diro-ra\u010duni:\u00a0<\/strong><br \/>\nHrvatska po\u0161tanska banka 2390001-1100308528, Karlova\u010dka banka 2400008-1190258327<br \/>\n<strong>Iznos temeljnog kapitala 747.000,00kn.<\/strong><\/p>\n<p><strong><br \/>\n\u010clanovi uprave:\u00a0<\/strong><br \/>\nNikola Holjevac, dipl.ing., direktor\u00a0 i\u00a0 Sanja Holjevac, dipl.oec., prokurista,\u00a0 zastupaju dru\u0161tvo pojedina\u010dno i samostalno.<\/p>\n<p><strong><br \/>\nURL:<\/strong>\u00a0<a href=\"http:\/\/slunj-rastoke.com\/index.php?id=7&amp;lang=hr\">www.slunj-rastoke.com<\/a><br \/>\n<strong>e-mail:<\/strong>\u00a0<a href=\"mailto:info@slunj-rastoke.com\">info@slunj-rastoke.com<\/a><\/p>\n","protected":false},"excerpt":{"rendered":"<p>SLOVIN UNIQUE \u2013 RASTOKE d.o.o.\u00a0 za proizvodnju,poslovne usluge i ugostiteljstvo 47240 Slunj, Rastoke 25b Dru\u0161tvo je upisano u sudski registar Trgova\u010dkog suda u Karlovcu pod br. MBS 020028569, MB:01436961 \u017diro-ra\u010duni:\u00a0<\/p>\n","protected":false},"author":1,"featured_media":0,"parent":0,"menu_order":0,"comment_status":"closed","ping_status":"closed","template":"","meta":{"_acf_changed":false,"footnotes":""},"class_list":["post-1159","page","type-page","status-publish","hentry"],"acf":[],"_links":{"self":[{"href":"https:\/\/rastoke-croatia.com\/hr\/wp-json\/wp\/v2\/pages\/1159","targetHints":{"allow":["GET"]}}],"collection":[{"href":"https:\/\/rastoke-croatia.com\/hr\/wp-json\/wp\/v2\/pages"}],"about":[{"href":"https:\/\/rastoke-croatia.com\/hr\/wp-json\/wp\/v2\/types\/page"}],"author":[{"embeddable":true,"href":"https:\/\/rastoke-croatia.com\/hr\/wp-json\/wp\/v2\/users\/1"}],"replies":[{"embeddable":true,"href":"https:\/\/rastoke-croatia.com\/hr\/wp-json\/wp\/v2\/comments?post=1159"}],"version-history":[{"count":0,"href":"https:\/\/rastoke-croatia.com\/hr\/wp-json\/wp\/v2\/pages\/1159\/revisions"}],"wp:attachment":[{"href":"https:\/\/rastoke-croatia.com\/hr\/wp-json\/wp\/v2\/media?parent=1159"}],"curies":[{"name":"wp","href":"https:\/\/api.w.org\/{rel}","templated":true}]}}