{"id":1162,"date":"2018-09-17T12:21:12","date_gmt":"2018-09-17T12:21:12","guid":{"rendered":"https:\/\/www.rastoke-croatia.com\/?page_id=1162"},"modified":"2018-09-17T12:21:12","modified_gmt":"2018-09-17T12:21:12","slug":"pravila-o-privatnosti","status":"publish","type":"page","link":"https:\/\/rastoke-croatia.com\/hr\/pravila-o-privatnosti\/","title":{"rendered":"Pravila o privatnosti"},"content":{"rendered":"<p>Na odre\u0111enim mjestima unutar web stranice i u odre\u0111eno vrijeme, Slovin Unique &#8211; Rastoke \u0107e prikupljati osobne podatke korisnika. Ti podaci \u0107e se koristiti u svrhu kontakata i evidencije korisnika, te u svrhu statisti\u010dke obrade posje\u0107enosti web stranice. Slovin Unique &#8211; Rastoke jam\u010di da podatke koje prikupi na taj na\u010din ne\u0107e prodavati.<\/p>\n<p>Ure\u0111ivanje i brisanje korisni\u010dkih podataka, te uklanjanje e-mail adresa iz mailing listi, mogu\u0107e je na linku Pretraga i ure\u0111ivanje korisni\u010dkih podataka ili putem linkova za uklanjanje \/ ure\u0111ivanje podataka koji se nalaze u podno\u017eju svih promotivnih e-mailova tvrtke Slovin Unique &#8211; Rastoke. Za informacijama o njihovim podacima, korisnici se mogu obratiti putem e-mail adrese info@slunj-rastoke.com.<\/p>\n<p>Slanjem upita, potpisom ugovora ili neposrednim kontaktom, korisnik dobrovoljno stavlja na raspolaganje svoje i podatke i time dozvoljava da se isti koriste u cilju za\u0161tite osobnih interesa u svim poslovima koje ugovara s Slovin Unique &#8211; Rastoke<\/p>\n<p>Skupljanje i obrada osobnih podataka korisnika uklju\u010duje i proslje\u0111ivanje istih tre\u0107im osobama i trgova\u010dkim dru\u0161tvima u Republici Hrvatskoj i inozemstvu. Tre\u0107im osobama smatraju se sve fizi\u010dke osobe i trgova\u010dka dru\u0161tva koje su neophodne za realizaciju ugovorenih poslova.<\/p>\n<p>Pohrana podataka se vr\u0161i na neodre\u0111eno vrijeme.<\/p>\n<p>Tako\u0111er, Slovin Unique &#8211; Rastoke zadr\u017eava pravo na objavu naziva tvrtki kao svojih referenci na web stranici www.slunj-rastoke.com, osim u slu\u010daju kada je eksplicitno specificirano druk\u010dije ugovorom o suradnji.<\/p>\n<p>Na web stranicama www.slunj-rastoke.com u svrhu uvida u statistiku posje\u0107enosti koristi se Google Analytics, koji omogu\u0107ava uvid u posje\u0107enost s izvora kao \u0161to su dru\u0161tvene mre\u017ee, e-mailovi, ogla\u0161iva\u010dke platforme, web tra\u017eilice i drugi online servisi i alati.<\/p>\n<p>Jamstvo kori\u0161tenja web stranice<\/p>\n<p>Slovin Unique &#8211; Rastoke ne izjavljuje niti jam\u010di, izri\u010dito niti pre\u0161utno, da je sadr\u017eaj web stranice i\/ili povezanih stranica potpun ili a\u017euriran; da \u0107e web stranica i\/ili povezane stranice uvijek biti dostupne i raspolo\u017eive, te da ne\u0107e sadr\u017eavati pogre\u0161ke, viruse, crve i druge ra\u010dunalne programe koji bi mogli prouzro\u010diti \u0161tetu korisnicima, registriranim korisnicima ili tre\u0107im osobama. Svaki korisnik i registrirani korisnik izri\u010dito prihva\u0107a kori\u0161tenje ove web stranice na svoju vlastitu odgovornost. Vi, a ne Slovin Unique &#8211; Rastoke, snosite sve eventualne tro\u0161kove vezane uz odr\u017eavanje ili popravak ra\u010dunalne opreme. Bilo kakvo jamstvo dano na ovim stranicama odnosi se isklju\u010divo na proizvode ili usluge koje pru\u017ea Slovin Unique &#8211; Rastoke. Slovin Unique &#8211; Rastoke nagla\u0161ava da sve materijale i sadr\u017eaje na web stranici treba uzeti \u201ctakvima kakvi jesu\u201d, te se Slovin Unique &#8211; Rastoke ne smatra odgovornim za eventualne posljedice koje mogu proizi\u0107i iz druga\u010dijeg tuma\u010denja materijala i sadr\u017eaja na web stranici.<\/p>\n","protected":false},"excerpt":{"rendered":"<p>Na odre\u0111enim mjestima unutar web stranice i u odre\u0111eno vrijeme, Slovin Unique &#8211; Rastoke \u0107e prikupljati osobne podatke korisnika. Ti podaci \u0107e se koristiti u svrhu kontakata i evidencije korisnika,<\/p>\n","protected":false},"author":1,"featured_media":0,"parent":0,"menu_order":0,"comment_status":"closed","ping_status":"closed","template":"","meta":{"_acf_changed":false,"footnotes":""},"class_list":["post-1162","page","type-page","status-publish","hentry"],"acf":[],"_links":{"self":[{"href":"https:\/\/rastoke-croatia.com\/hr\/wp-json\/wp\/v2\/pages\/1162","targetHints":{"allow":["GET"]}}],"collection":[{"href":"https:\/\/rastoke-croatia.com\/hr\/wp-json\/wp\/v2\/pages"}],"about":[{"href":"https:\/\/rastoke-croatia.com\/hr\/wp-json\/wp\/v2\/types\/page"}],"author":[{"embeddable":true,"href":"https:\/\/rastoke-croatia.com\/hr\/wp-json\/wp\/v2\/users\/1"}],"replies":[{"embeddable":true,"href":"https:\/\/rastoke-croatia.com\/hr\/wp-json\/wp\/v2\/comments?post=1162"}],"version-history":[{"count":0,"href":"https:\/\/rastoke-croatia.com\/hr\/wp-json\/wp\/v2\/pages\/1162\/revisions"}],"wp:attachment":[{"href":"https:\/\/rastoke-croatia.com\/hr\/wp-json\/wp\/v2\/media?parent=1162"}],"curies":[{"name":"wp","href":"https:\/\/api.w.org\/{rel}","templated":true}]}}