{"id":22,"date":"2018-02-01T09:23:27","date_gmt":"2018-02-01T09:23:27","guid":{"rendered":"https:\/\/www.rastoke-croatia.com\/?page_id=22"},"modified":"2018-08-06T16:58:12","modified_gmt":"2018-08-06T16:58:12","slug":"smjestaj-old","status":"publish","type":"page","link":"https:\/\/rastoke-croatia.com\/hr\/smjestaj-old\/","title":{"rendered":"Smje\u0161taj Old"},"content":{"rendered":"<p>[vc_row][vc_column width=&#8221;5\/12&#8243;][vc_single_image image=&#8221;657&#8243; img_size=&#8221;full&#8221;][\/vc_column][vc_column width=&#8221;7\/12&#8243;]<div class=\"dfd-heading-shortcode\"><div class=\"dfd-heading-module-wrap  text-center style_01 dfd-heading-69e0da0d2139f dfd-disable-resposive-headings\" id=\"dfd-heading-69e0da0d2139f\" ><div class=\"inline-block\"><div class=\"dfd-heading-module\"><h4 class=\"widget-title dfd-title \" style=\"letter-spacing: 0px; \">Apartman &#8220;Leptir&#8221;<\/h4><div class=\"dfd-heading-delimiter\"><\/div><\/div><\/div><\/div><script type=\"text\/javascript\">\r\n\t\t\t\t\t\t\t\t\t(function($) {\r\n\t\t\t\t\t\t\t\t\t\t$(\"head\").append(\"<style>.dfd-heading-69e0da0d2139f.dfd-heading-module-wrap .dfd-heading-module .dfd-heading-delimiter {border-bottom-style:solid;border-bottom-width:1px;width:100px;border-bottom-color:#dddddd;}.dfd-heading-69e0da0d2139f.dfd-heading-module-wrap .dfd-heading-module .dfd-heading-delimiter {margin-top:10px;margin-bottom:10px;}<\/style>\");\r\n\t\t\t\t\t\t\t\t\t})(jQuery);\r\n\t\t\t\t\t\t\t\t<\/script><\/div>[vc_column_text]Dvije sobe (dvokrevetne) + jedan dodatni le\u017eaj u samostoje\u0107em objektu za maksimalno 5 osoba.<\/p>\n<p>Svaka soba ima vlastitu kupaonicu, TV a sve su ure\u0111ene u tradicionalnom stilu izvedenom u drvetu.[\/vc_column_text]<div class=\"dfd-spacer-module\"  data-units=\"px\" data-wide_resolution=\"1280\" data-wide_size=\"20\" data-normal_resolution=\"1024\" data-normal_size=\"\" data-tablet_resolution=\"800\" data-tablet_size=\"\" data-mobile_resolution=\"480\" data-mobile_size=\"\" style=\"height: 20px;\"><\/div>[ultimate_icons align=&#8221;uavc-icons-center&#8221;][single_icon icon=&#8221;dfd-icon-bed&#8221; icon_size=&#8221;22&#8243; icon_margin=&#8221;5&#8243;][single_icon icon=&#8221;dfd-icon-TV2&#8243; icon_size=&#8221;22&#8243; icon_margin=&#8221;5&#8243;][single_icon icon=&#8221;dfd-icon-wifi&#8221; icon_size=&#8221;22&#8243; icon_margin=&#8221;5&#8243;][single_icon icon=&#8221;dfd-icon-swiming_pool&#8221; icon_size=&#8221;22&#8243; icon_margin=&#8221;5&#8243;][single_icon icon=&#8221;dfd-icon-bath&#8221; icon_size=&#8221;22&#8243; icon_margin=&#8221;5&#8243;][\/ultimate_icons]<div class=\"dfd-spacer-module\"  data-units=\"px\" data-wide_resolution=\"1280\" data-wide_size=\"10\" data-normal_resolution=\"1024\" data-normal_size=\"\" data-tablet_resolution=\"800\" data-tablet_size=\"\" data-mobile_resolution=\"480\" data-mobile_size=\"\" style=\"height: 10px;\"><\/div>[vc_row_inner][vc_column_inner width=&#8221;1\/2&#8243;][ult_buttons btn_title=&#8221;Pro\u010ditaj vi\u0161e&#8221; btn_link=&#8221;url:https%3A%2F%2Fwww.rastoke-croatia.com%2Fapartman-leptir|||&#8221; btn_align=&#8221;ubtn-center&#8221; btn_title_color=&#8221;#ffffff&#8221; btn_bg_color=&#8221;#549e17&#8243; btn_icon_pos=&#8221;ubtn-sep-icon-at-left&#8221; notification=&#8221;&#8221;][\/vc_column_inner][vc_column_inner width=&#8221;1\/2&#8243;][ult_buttons btn_title=&#8221;Booking&#8221; btn_link=&#8221;url:https%3A%2F%2Fwww.booking.com%2Fhotel%2Fhr%2Fguesthouse-slovin-unique-rastoke.hr.html%3Flabel%3Dgen173nr-1FCAEoggJCAlhYSDNYBGhliAEBmAEQwgEKd2luZG93cyAxMMgBDNgBAegBAfgBC5ICAXmoAgM%3Bsid%3D37798016bacf32f36695c05877e5b494%3Bdest_id%3D-96108%3Bdest_type%3Dcity%3Bdist%3D0%3Bgroup_adults%3D2%3Bhapos%3D1%3Bhpos%3D1%3Broom1%3DA%252CA%3Bsb_price_type%3Dtotal%3Bsrepoch%3D1530431075%3Bsrfid%3Dae5af5fdfb9cf27130b17cdb0b683357c18304d4X1%3Bsrpvid%3D3de23671b3b302a1%3Btype%3Dtotal%3Bucfs%3D1%26||target:%20_blank|&#8221; btn_align=&#8221;ubtn-center&#8221; btn_title_color=&#8221;#ffffff&#8221; btn_bg_color=&#8221;#549e17&#8243; btn_icon_pos=&#8221;ubtn-sep-icon-at-left&#8221;][\/vc_column_inner][\/vc_row_inner][\/vc_column][\/vc_row][vc_row][vc_column]<div class=\"dfd-spacer-module\"  data-units=\"px\" data-wide_resolution=\"1280\" data-wide_size=\"30\" data-normal_resolution=\"1024\" data-normal_size=\"\" data-tablet_resolution=\"800\" data-tablet_size=\"\" data-mobile_resolution=\"480\" data-mobile_size=\"\" style=\"height: 30px;\"><\/div>[\/vc_column][\/vc_row][vc_row][vc_column][vc_zigzag el_width=&#8221;50&#8243;][\/vc_column][\/vc_row][vc_row][vc_column]<div class=\"dfd-spacer-module\"  data-units=\"px\" data-wide_resolution=\"1280\" data-wide_size=\"30\" data-normal_resolution=\"1024\" data-normal_size=\"\" data-tablet_resolution=\"800\" data-tablet_size=\"\" data-mobile_resolution=\"480\" data-mobile_size=\"\" style=\"height: 30px;\"><\/div>[\/vc_column][\/vc_row][vc_row][vc_column width=&#8221;1\/4&#8243;][vc_single_image image=&#8221;604&#8243; img_size=&#8221;full&#8221; css=&#8221;.vc_custom_1530430818712{margin-bottom: 10px !important;}&#8221;]<div class=\"dfd-heading-shortcode\"><div class=\"dfd-heading-module-wrap  text-center style_01 dfd-heading-69e0da0d2149c dfd-disable-resposive-headings\" id=\"dfd-heading-69e0da0d2149c\" ><div class=\"inline-block\"><div class=\"dfd-heading-module\"><h3 class=\"widget-title dfd-title \" style=\"font-size: 20px; line-height: 26px; letter-spacing: 0px; \">&#8220;Buk&#8221;<\/h3><h3 class=\"widget-sub-title dfd-sub-title \" style=\"\">Bungalow<\/h3><div class=\"dfd-heading-delimiter\"><\/div><\/div><\/div><\/div><script type=\"text\/javascript\">\r\n\t\t\t\t\t\t\t\t\t(function($) {\r\n\t\t\t\t\t\t\t\t\t\t$(\"head\").append(\"<style>.dfd-heading-69e0da0d2149c.dfd-heading-module-wrap .dfd-heading-module .dfd-heading-delimiter {border-bottom-style:solid;border-bottom-width:1px;width:100px;border-bottom-color:#dddddd;}.dfd-heading-69e0da0d2149c.dfd-heading-module-wrap .dfd-heading-module .dfd-heading-delimiter {margin-top:10px;margin-bottom:10px;}<\/style>\");\r\n\t\t\t\t\t\t\t\t\t})(jQuery);\r\n\t\t\t\t\t\t\t\t<\/script><\/div>[ultimate_icons align=&#8221;uavc-icons-center&#8221;][single_icon icon=&#8221;dfd-icon-bed&#8221; icon_size=&#8221;22&#8243; icon_margin=&#8221;5&#8243;][single_icon icon=&#8221;dfd-icon-TV2&#8243; icon_size=&#8221;22&#8243; icon_margin=&#8221;5&#8243;][single_icon icon=&#8221;dfd-icon-plate&#8221; icon_size=&#8221;22&#8243; icon_margin=&#8221;5&#8243;][\/ultimate_icons][ult_buttons btn_title=&#8221;Pro\u010ditaj vi\u0161e&#8221; btn_link=&#8221;url:https%3A%2F%2Fwww.rastoke-croatia.com%2Fbungalov-buk%2F|||&#8221; btn_align=&#8221;ubtn-center&#8221; btn_size=&#8221;ubtn-small&#8221; btn_title_color=&#8221;#ffffff&#8221; btn_bg_color=&#8221;#549e17&#8243; btn_icon_pos=&#8221;ubtn-sep-icon-at-left&#8221;][\/vc_column][vc_column width=&#8221;1\/4&#8243;][vc_single_image image=&#8221;610&#8243; img_size=&#8221;full&#8221; css=&#8221;.vc_custom_1529395796149{margin-bottom: 10px !important;}&#8221;]<div class=\"dfd-heading-shortcode\"><div class=\"dfd-heading-module-wrap  text-center style_01 dfd-heading-69e0da0d214ec dfd-disable-resposive-headings\" id=\"dfd-heading-69e0da0d214ec\" ><div class=\"inline-block\"><div class=\"dfd-heading-module\"><h3 class=\"widget-title dfd-title \" style=\"font-size: 20px; line-height: 26px; letter-spacing: 0px; \">Slovin<\/h3><h3 class=\"widget-sub-title dfd-sub-title \" style=\"\">Dvokrevetna soba<\/h3><div class=\"dfd-heading-delimiter\"><\/div><\/div><\/div><\/div><script type=\"text\/javascript\">\r\n\t\t\t\t\t\t\t\t\t(function($) {\r\n\t\t\t\t\t\t\t\t\t\t$(\"head\").append(\"<style>.dfd-heading-69e0da0d214ec.dfd-heading-module-wrap .dfd-heading-module .dfd-heading-delimiter {border-bottom-style:solid;border-bottom-width:1px;width:100px;border-bottom-color:#dddddd;}.dfd-heading-69e0da0d214ec.dfd-heading-module-wrap .dfd-heading-module .dfd-heading-delimiter {margin-top:10px;margin-bottom:10px;}<\/style>\");\r\n\t\t\t\t\t\t\t\t\t})(jQuery);\r\n\t\t\t\t\t\t\t\t<\/script><\/div>[ultimate_icons align=&#8221;uavc-icons-center&#8221;][single_icon icon=&#8221;dfd-icon-bed&#8221; icon_size=&#8221;22&#8243; icon_margin=&#8221;5&#8243;][single_icon icon=&#8221;dfd-icon-TV2&#8243; icon_size=&#8221;22&#8243; icon_margin=&#8221;5&#8243;][single_icon icon=&#8221;dfd-icon-plate&#8221; icon_size=&#8221;22&#8243; icon_margin=&#8221;5&#8243;][\/ultimate_icons][ult_buttons btn_title=&#8221;Pro\u010ditaj vi\u0161e&#8221; btn_align=&#8221;ubtn-center&#8221; btn_size=&#8221;ubtn-small&#8221; btn_title_color=&#8221;#ffffff&#8221; btn_bg_color=&#8221;#549e17&#8243; btn_icon_pos=&#8221;ubtn-sep-icon-at-left&#8221;][\/vc_column][vc_column width=&#8221;1\/4&#8243;][vc_single_image image=&#8221;611&#8243; img_size=&#8221;full&#8221; css=&#8221;.vc_custom_1529395895549{margin-bottom: 10px !important;}&#8221;]<div class=\"dfd-heading-shortcode\"><div class=\"dfd-heading-module-wrap  text-center style_01 dfd-heading-69e0da0d21534 dfd-disable-resposive-headings\" id=\"dfd-heading-69e0da0d21534\" ><div class=\"inline-block\"><div class=\"dfd-heading-module\"><h3 class=\"widget-title dfd-title \" style=\"font-size: 20px; line-height: 26px; letter-spacing: 0px; \">Vilina kosa<\/h3><h3 class=\"widget-sub-title dfd-sub-title \" style=\"\">Dvokrevetna soba<\/h3><div class=\"dfd-heading-delimiter\"><\/div><\/div><\/div><\/div><script type=\"text\/javascript\">\r\n\t\t\t\t\t\t\t\t\t(function($) {\r\n\t\t\t\t\t\t\t\t\t\t$(\"head\").append(\"<style>.dfd-heading-69e0da0d21534.dfd-heading-module-wrap .dfd-heading-module .dfd-heading-delimiter {border-bottom-style:solid;border-bottom-width:1px;width:100px;border-bottom-color:#dddddd;}.dfd-heading-69e0da0d21534.dfd-heading-module-wrap .dfd-heading-module .dfd-heading-delimiter {margin-top:10px;margin-bottom:10px;}<\/style>\");\r\n\t\t\t\t\t\t\t\t\t})(jQuery);\r\n\t\t\t\t\t\t\t\t<\/script><\/div>[ultimate_icons align=&#8221;uavc-icons-center&#8221;][single_icon icon=&#8221;dfd-icon-bed&#8221; icon_size=&#8221;22&#8243; icon_margin=&#8221;5&#8243;][single_icon icon=&#8221;dfd-icon-TV2&#8243; icon_size=&#8221;22&#8243; icon_margin=&#8221;5&#8243;][single_icon icon=&#8221;dfd-icon-plate&#8221; icon_size=&#8221;22&#8243; icon_margin=&#8221;5&#8243;][\/ultimate_icons][ult_buttons btn_title=&#8221;Pro\u010ditaj vi\u0161e&#8221; btn_align=&#8221;ubtn-center&#8221; btn_size=&#8221;ubtn-small&#8221; btn_title_color=&#8221;#ffffff&#8221; btn_bg_color=&#8221;#549e17&#8243; btn_icon_pos=&#8221;ubtn-sep-icon-at-left&#8221;][\/vc_column][vc_column width=&#8221;1\/4&#8243;][vc_single_image image=&#8221;612&#8243; img_size=&#8221;full&#8221; css=&#8221;.vc_custom_1529396021667{margin-bottom: 10px !important;}&#8221;]<div class=\"dfd-heading-shortcode\"><div class=\"dfd-heading-module-wrap  text-center style_01 dfd-heading-69e0da0d21575 dfd-disable-resposive-headings\" id=\"dfd-heading-69e0da0d21575\" ><div class=\"inline-block\"><div class=\"dfd-heading-module\"><h3 class=\"widget-title dfd-title \" style=\"font-size: 20px; line-height: 26px; letter-spacing: 0px; \">Vir<\/h3><h3 class=\"widget-sub-title dfd-sub-title \" style=\"\">Trokrevetna soba<\/h3><div class=\"dfd-heading-delimiter\"><\/div><\/div><\/div><\/div><script type=\"text\/javascript\">\r\n\t\t\t\t\t\t\t\t\t(function($) {\r\n\t\t\t\t\t\t\t\t\t\t$(\"head\").append(\"<style>.dfd-heading-69e0da0d21575.dfd-heading-module-wrap .dfd-heading-module .dfd-heading-delimiter {border-bottom-style:solid;border-bottom-width:1px;width:100px;border-bottom-color:#dddddd;}.dfd-heading-69e0da0d21575.dfd-heading-module-wrap .dfd-heading-module .dfd-heading-delimiter {margin-top:10px;margin-bottom:10px;}<\/style>\");\r\n\t\t\t\t\t\t\t\t\t})(jQuery);\r\n\t\t\t\t\t\t\t\t<\/script><\/div>[ultimate_icons align=&#8221;uavc-icons-center&#8221;][single_icon icon=&#8221;dfd-icon-bed&#8221; icon_size=&#8221;22&#8243; icon_margin=&#8221;5&#8243;][single_icon icon=&#8221;dfd-icon-TV2&#8243; icon_size=&#8221;22&#8243; icon_margin=&#8221;5&#8243;][single_icon icon=&#8221;dfd-icon-plate&#8221; icon_size=&#8221;22&#8243; icon_margin=&#8221;5&#8243;][\/ultimate_icons][ult_buttons btn_title=&#8221;Pro\u010ditaj vi\u0161e&#8221; btn_align=&#8221;ubtn-center&#8221; btn_size=&#8221;ubtn-small&#8221; btn_title_color=&#8221;#ffffff&#8221; btn_bg_color=&#8221;#549e17&#8243; btn_icon_pos=&#8221;ubtn-sep-icon-at-left&#8221;][\/vc_column][\/vc_row]<\/p>\n","protected":false},"excerpt":{"rendered":"<p>[vc_row][vc_column width=&#8221;5\/12&#8243;][vc_single_image image=&#8221;657&#8243; img_size=&#8221;full&#8221;][\/vc_column][vc_column width=&#8221;7\/12&#8243;][vc_column_text]Dvije sobe (dvokrevetne) + jedan dodatni le\u017eaj u samostoje\u0107em objektu za maksimalno 5 osoba. Svaka soba ima vlastitu kupaonicu, TV a sve su ure\u0111ene u tradicionalnom<\/p>\n","protected":false},"author":1,"featured_media":0,"parent":0,"menu_order":0,"comment_status":"closed","ping_status":"closed","template":"","meta":{"_acf_changed":false,"footnotes":""},"class_list":["post-22","page","type-page","status-publish","hentry"],"acf":[],"_links":{"self":[{"href":"https:\/\/rastoke-croatia.com\/hr\/wp-json\/wp\/v2\/pages\/22","targetHints":{"allow":["GET"]}}],"collection":[{"href":"https:\/\/rastoke-croatia.com\/hr\/wp-json\/wp\/v2\/pages"}],"about":[{"href":"https:\/\/rastoke-croatia.com\/hr\/wp-json\/wp\/v2\/types\/page"}],"author":[{"embeddable":true,"href":"https:\/\/rastoke-croatia.com\/hr\/wp-json\/wp\/v2\/users\/1"}],"replies":[{"embeddable":true,"href":"https:\/\/rastoke-croatia.com\/hr\/wp-json\/wp\/v2\/comments?post=22"}],"version-history":[{"count":0,"href":"https:\/\/rastoke-croatia.com\/hr\/wp-json\/wp\/v2\/pages\/22\/revisions"}],"wp:attachment":[{"href":"https:\/\/rastoke-croatia.com\/hr\/wp-json\/wp\/v2\/media?parent=22"}],"curies":[{"name":"wp","href":"https:\/\/api.w.org\/{rel}","templated":true}]}}