{"id":31,"date":"2018-02-01T09:24:24","date_gmt":"2018-02-01T09:24:24","guid":{"rendered":"https:\/\/www.rastoke-croatia.com\/?page_id=31"},"modified":"2021-05-02T10:57:00","modified_gmt":"2021-05-02T08:57:00","slug":"san-o-rastokama","status":"publish","type":"page","link":"https:\/\/rastoke-croatia.com\/hr\/san-o-rastokama\/","title":{"rendered":"San o Rastokama"},"content":{"rendered":"<p>[vc_row css=&#8221;.vc_custom_1533633709340{padding-top: 30px !important;}&#8221;][vc_column][\/vc_column][\/vc_row][vc_row css=&#8221;.vc_custom_1533633819205{padding-bottom: 30px !important;}&#8221;][vc_column width=&#8221;1\/2&#8243;][vc_column_text]<\/p>\n<p align=\"justify\">Vodeni\u010darsko naselje smje\u0161teno na mjestu gdje se modro-zelena voda Slunj\u010dice ulijeva u rijeku Koranu. Najve\u0107i broj nastambi sagra\u0111en je krajem 19. i po\u010detkom 20. stolje\u0107a. Zbog svojih izuzetnih prirodnih ljepota i povijesne tradicije Rastoke kao naselje su uvr\u0161tene 1962. godine pod za\u0161titu Dr\u017eavne uprave za za\u0161titu kulturne i povijesne ba\u0161tine.<\/p>\n<p>Mnoge stare civilizacije kao i suvremene urbane sredine svjedo\u010de da je voda oduvijek privla\u010dila \u010dovjeka da na njenim obalama tra\u017ei svoj blagodat.<\/p>\n<p>Tisu\u0107ama su se godina vode rijeke Korane i Slunj\u010dice te njihov biljni i \u017eivotinjski svijet prkosili prirodnim zakonima i kao rezultat te borbe, u toj vapnena\u010dkoj visoravni, urezali za \u010dovjeka neizmjerno prirodno bogatstvo, kanjon rijeke Korane i Slunj\u010dice.<\/p>\n<p>Vezano za tu prirodnu pojavu, upravo na tom prostoru, na \u00abrasto\u010denom\u00bb terenu, mjestu gdje se vode rijeke Slunj\u010dice rasta\u010du u nekoliko rukavaca ostavljaju\u0107i izme\u0111u sebe mala uzvi\u0161enja u obliku vodotoka i slapova,\u00a0 \u010dovjek je izgradio naselje RASTOKE. Tu je na\u0161ao svoj blagodat i kao takav vje\u010dno postao\u00a0njen sastavni dio i\u00a0nerazdvojiv spoj prirode i \u010dovjeka.<\/p>\n<p>Rastoke su naselje ambijentalne vrijednosti i autenti\u010dnog graditeljskog naslje\u0111a koji po zapisima datira iz 17. stolje\u0107a, pretpostavlja se i ranije.<\/p>\n<p>Najve\u0107i broj nastambi sagra\u0111en je krajem 19. i po\u010detkom 20. stolje\u0107a.<\/p>\n<p>U Rastokama se oduvijek \u017eivjelo. Danono\u0107no se mljelo \u017eito iz obli\u017enjih sela. S obzirom da je mjesto smje\u0161teno na glavnoj cesti \u2013 poveznici ju\u017ene i sjeverne Hrvatske bilo je sjeci\u0161te raznih nakupca, te trgovaca stokom. Bogato mjesto ratni vihori kao i mnoge druge dru\u0161tvene nevolje su ih uni\u0161tavali i uvijek vra\u0107ali na po\u010detak.<\/p>\n<p>Iako su ljudi morali odlaziti, priroda je uvijek ostajala i prkosila svojom osebujno\u0161\u0107u.<\/p>\n<p>Tijekom Domovinskog rata Rastoke su potpuno uni\u0161tene i devastirane. Obnovljene su uz pomo\u0107 Ministarstva obnove i razvitka.[\/vc_column_text][\/vc_column][vc_column width=&#8221;1\/2&#8243;][vc_column_text]Danas su se u Rastoke vratila sva doma\u0107instva i ima ih 30-tak. \u017delja im je da ponovno pokrenu vodenice i gospodarstveni \u017eivot.<\/p>\n<p>Preduvjet za to stvoren je pro\u0161le godine izgradnjom kanalizacije u Rastokama.<\/p>\n<p>Ve\u0107ina doma\u0107instava je krenula u iznajmljivanje soba za turiste. Bojaznost za opstanak postaje sve ve\u0107a jer izgradnjom autoputa cesta Karlovac-Slunj-Plitvi\u010dka jezera postaje neinteresantna turistima.<\/p>\n<p>Taj problem se mogao jo\u0161 prije uvidjeti, a danas ve\u0107 u potpunosti sprije\u010diti organiziranim smje\u0161tajem.<\/p>\n<p>Upravo je to obitelj Holjevac sa imanjem u centru Rastoka navelo da izgradi manji kompleks turisti\u010dko gospodarstvenih sadr\u017eaja, te ih kao takve ponuditi doma\u0107em i stranom turistu.<\/p>\n<p>Osnovano je 1997. obiteljsko poduze\u0107e Slovin Unique \u2013 Rastoke d.o.o. kao pravni nosilac svih usluga. Uz pomo\u0107 vlastitog znanja, truda i neizmjerne volje te kredita Hrvatske po\u0161tanske banke stari je sjenik pretvoren u ugodan ugostiteljski objekt.<\/p>\n<p>Danas poduze\u0107e ima kompletno razra\u0111enu viziju budu\u0107eg djelovanja.[\/vc_column_text][vc_single_image image=&#8221;753&#8243; img_size=&#8221;large&#8221; alignment=&#8221;center&#8221; style=&#8221;vc_box_rounded&#8221; css=&#8221;.vc_custom_1533632821888{margin-top: 20px !important;}&#8221;][\/vc_column][\/vc_row][vc_row css=&#8221;.vc_custom_1533633287518{border-top-width: 10px !important;padding-top: 30px !important;background-color: #f7f7f7 !important;border-top-color: #eaeaea !important;border-top-style: solid !important;}&#8221;][vc_column][\/vc_column][\/vc_row][vc_row css=&#8221;.vc_custom_1533633188029{border-bottom-width: 10px !important;padding-top: 30px !important;padding-bottom: 30px !important;background-color: #f7f7f7 !important;border-bottom-color: #eaeaea !important;border-bottom-style: solid !important;}&#8221;][vc_column width=&#8221;1\/2&#8243;][vc_single_image image=&#8221;249&#8243; img_size=&#8221;large&#8221; alignment=&#8221;center&#8221; style=&#8221;vc_box_rounded&#8221;][\/vc_column][vc_column width=&#8221;1\/2&#8243;][vc_column_text]Legenda o vilama u Rastokama postoji koliko i samo naselje Rastoke \u2013 dok su mlinovi \u017eli\u010dari cijelu no\u0107 mljeli kukuruz i p\u0161enicu, mlinari i mlinarice dru\u017eili su se uz petrolejke\u00a0\u00a0i dugo u no\u0107 prepri\u010davali razne pri\u010de iz \u017eivota.<\/p>\n<p>Za to vrijeme &#8211; rasto\u010dke vile bi uzimale konje koji su mlinari ostavljali\u00a0\u00a0pod sjenicima da se odmore za put natrag ku\u0107i.<\/p>\n<p>U ranu zoru, vile bi vra\u0107ale konje &#8211; zadihane, umorne, znojne i s mno\u0161tvom sitnih pletenica spletenih od grive, a one bi prale svoje rublje u Slunj\u010dici, plesale kolo i igrale, zvale da im se mlinari pridru\u017ee&#8230;<\/p>\n<p>I danas se rado okupljaju, pa\u00a0\u00a0ih mogu vidjeti svi koji to doista \u017eele\u00a0\u00a0i provode\u00a0\u00a0vrijeme na slapu Vilina kosa\u2026[\/vc_column_text][\/vc_column][\/vc_row][vc_row css=&#8221;.vc_custom_1533565627710{padding-top: 30px !important;}&#8221;][vc_column][\/vc_column][\/vc_row][vc_row css=&#8221;.vc_custom_1533570478533{padding-bottom: 50px !important;}&#8221;][vc_column width=&#8221;1\/2&#8243;][vc_single_image image=&#8221;953&#8243; img_size=&#8221;full&#8221; alignment=&#8221;center&#8221; style=&#8221;vc_box_rounded&#8221;][\/vc_column][vc_column width=&#8221;1\/2&#8243;][vc_column_text]<\/p>\n<p style=\"font-weight: 400;\">Najstarija pro\u0161lost stanovnika ovog prostora neistra\u017eena je i nepoznata.<\/p>\n<p style=\"font-weight: 400;\">Povijesni\u010dari izvode ime Slunj od rije\u010di \u00abSlovin\u00bb.<\/p>\n<p style=\"font-weight: 400;\">Neki navode da je Slunj izgradio jo\u0161 hrvatski kralj Zvonimir, no njegovo ime spominje se jo\u0161 u doba ranog feudalizma u 12. stolje\u0107u.<\/p>\n<p style=\"font-weight: 400;\">Turci su vi\u0161e od 13 puta napadali na utvr\u0111eni grad i mjesto Slunj, no prvi put su uspjeli prodrijeti\u00a0 u njega 1578., oplja\u010dkati ga i opusto\u0161iti.<\/p>\n<p style=\"font-weight: 400;\">Novi frankopanski grad Slunj (danas ostatak, zvan Gradina) bio je podignut na strate\u0161ki vrlo povoljnom mjestu, na kamenitoj uzvisini poluotoka velike obale rijeke Slunj\u010dice.<\/p>\n<p style=\"font-weight: 400;\">Mnogi povijesni\u010dari govore da je Slunj gra\u0111en u obliku nepravilnog \u0161esterokuta, opisan okolnim zidovima s \u010detiri polukule, kako bi se mogao braniti sa svih strana.<\/p>\n<p>[\/vc_column_text][\/vc_column][\/vc_row][vc_row css=&#8221;.vc_custom_1533570677237{border-top-width: 10px !important;padding-top: 30px !important;background-color: #f7f7f7 !important;border-top-color: #eaeaea !important;border-top-style: solid !important;}&#8221;][vc_column][\/vc_column][\/vc_row][vc_row css=&#8221;.vc_custom_1533570696771{border-bottom-width: 10px !important;padding-bottom: 50px !important;background-color: #f7f7f7 !important;border-bottom-color: #eaeaea !important;border-bottom-style: solid !important;}&#8221;][vc_column width=&#8221;1\/2&#8243;][vc_single_image image=&#8221;956&#8243; img_size=&#8221;full&#8221; alignment=&#8221;center&#8221; style=&#8221;vc_box_rounded&#8221;][\/vc_column][vc_column width=&#8221;1\/2&#8243;][vc_column_text]<\/p>\n<p style=\"font-weight: 400;\">Zanimljivo razdoblje Rastoka i Slunja za vrijeme Francuske vladavine u ovim krajevima kao najisto\u010dnijeg grani\u010dnog dijela Napoleonove imperije.<\/p>\n<p style=\"font-weight: 400;\">Premda su Napoleonovi ratni pohodi imali\u00a0 osvaja\u010dki karakter oni su ujedno\u00a0 pridonosili \u0161irenju novih, naprednih ideja gra\u0111anske revolucije kao \u0161to su ukidanje feudalno-crkvenih privilegija, ravnopravno tretiranje svih slojeva gra\u0111ana pred sudovima, po\u0161tivanje\u00a0 svakog naroda i uvo\u0111enje narodnog jezika u \u0161kole i javni \u017eivot, liberalizacija trgovine, demokratske osnove uprave,uvo\u0111enje gra\u0111anskog braka, sloboda vjeroispovijesti.<\/p>\n<p style=\"font-weight: 400;\">Francuzi su bili poznati po svojim stru\u010dnjacima za izgradnju cesta, prijelaza i mostova preko rijeka te \u017eitnih skladi\u0161ta \u0161to im je bilo potrebno u vojne svrhe te za prehranu i zapo\u0161ljavanje osiroma\u0161enog stanovni\u0161tva.<\/p>\n<p style=\"font-weight: 400;\">Napoleonov magazin u Slunju je nastao u 19. stolje\u0107u.<\/p>\n<p style=\"font-weight: 400;\">Tu je njegova vojska pohranjivala hranu i oru\u017eje.<\/p>\n<p>[\/vc_column_text][\/vc_column][\/vc_row][vc_row css=&#8221;.vc_custom_1533565661249{padding-top: 30px !important;}&#8221;][vc_column][\/vc_column][\/vc_row][vc_row css=&#8221;.vc_custom_1533570494079{padding-bottom: 50px !important;}&#8221;][vc_column width=&#8221;1\/2&#8243;][vc_single_image image=&#8221;958&#8243; img_size=&#8221;full&#8221; alignment=&#8221;center&#8221; style=&#8221;vc_box_rounded&#8221;][\/vc_column][vc_column width=&#8221;1\/2&#8243;][vc_column_text]<span lang=\"HR\">Ime Kordun nastalo je u doba francuske uprave.<\/span>\u00a0<span lang=\"HR\">Slunj je bio pod za\u0161titom kr\u010dkih Frankopana, mirno se razvijao sve do 16. stolje\u0107a, tj. do turskih provala i paljenja.\u00a0<\/span><\/p>\n<p><span lang=\"HR\">Utvrda\u00a0\u00a0na desnoj obali i naselje na lijevoj obali Slunj\u010dice bili su povezani mostom i u kasnijim dokumentima spominju se pod jednim imenom: \u00bbgradom Slunjskim\u00bb<\/span><span lang=\"HR\">. <\/span><\/p>\n<p><span lang=\"HR\">Neko vrijeme (u 15. stolje\u0107u) utvrda Slunj s posjedima bila je prodana Zrinskima, ali je ponovno i najdu\u017ee bila vlasni\u0161tvo loze Frankopana od kojih je poznat i Juraj koji je sudjelovao na Cetinskom saboru.<\/span>[\/vc_column_text][\/vc_column][\/vc_row][vc_row css=&#8221;.vc_custom_1533570755150{border-top-width: 10px !important;border-bottom-width: 10px !important;padding-top: 30px !important;padding-bottom: 50px !important;background-color: #f7f7f7 !important;border-top-color: #eaeaea !important;border-top-style: solid !important;border-bottom-color: #eaeaea !important;border-bottom-style: solid !important;}&#8221;][vc_column][\/vc_column][\/vc_row]<\/p>\n","protected":false},"excerpt":{"rendered":"<p>[vc_row css=&#8221;.vc_custom_1533633709340{padding-top: 30px !important;}&#8221;][vc_column][\/vc_column][\/vc_row][vc_row css=&#8221;.vc_custom_1533633819205{padding-bottom: 30px !important;}&#8221;][vc_column width=&#8221;1\/2&#8243;][vc_column_text] Vodeni\u010darsko naselje smje\u0161teno na mjestu gdje se modro-zelena voda Slunj\u010dice ulijeva u rijeku Koranu. Najve\u0107i broj nastambi sagra\u0111en je krajem 19. i<\/p>\n","protected":false},"author":1,"featured_media":0,"parent":0,"menu_order":0,"comment_status":"closed","ping_status":"closed","template":"page-custom-with-header.php","meta":{"_acf_changed":false,"footnotes":""},"class_list":["post-31","page","type-page","status-publish","hentry"],"acf":[],"_links":{"self":[{"href":"https:\/\/rastoke-croatia.com\/hr\/wp-json\/wp\/v2\/pages\/31","targetHints":{"allow":["GET"]}}],"collection":[{"href":"https:\/\/rastoke-croatia.com\/hr\/wp-json\/wp\/v2\/pages"}],"about":[{"href":"https:\/\/rastoke-croatia.com\/hr\/wp-json\/wp\/v2\/types\/page"}],"author":[{"embeddable":true,"href":"https:\/\/rastoke-croatia.com\/hr\/wp-json\/wp\/v2\/users\/1"}],"replies":[{"embeddable":true,"href":"https:\/\/rastoke-croatia.com\/hr\/wp-json\/wp\/v2\/comments?post=31"}],"version-history":[{"count":3,"href":"https:\/\/rastoke-croatia.com\/hr\/wp-json\/wp\/v2\/pages\/31\/revisions"}],"predecessor-version":[{"id":2846,"href":"https:\/\/rastoke-croatia.com\/hr\/wp-json\/wp\/v2\/pages\/31\/revisions\/2846"}],"wp:attachment":[{"href":"https:\/\/rastoke-croatia.com\/hr\/wp-json\/wp\/v2\/media?parent=31"}],"curies":[{"name":"wp","href":"https:\/\/api.w.org\/{rel}","templated":true}]}}