{"id":333,"date":"2018-03-08T08:25:52","date_gmt":"2018-03-08T08:25:52","guid":{"rendered":"https:\/\/www.rastoke-croatia.com\/?page_id=333"},"modified":"2018-07-31T14:57:56","modified_gmt":"2018-07-31T14:57:56","slug":"slapovi","status":"publish","type":"page","link":"https:\/\/rastoke-croatia.com\/hr\/slapovi\/","title":{"rendered":"Slapovi"},"content":{"rendered":"<p>[vc_row css=&#8221;.vc_custom_1520500474239{margin-bottom: 30px !important;}&#8221;][vc_column][vc_single_image image=&#8221;346&#8243; img_size=&#8221;full&#8221; alignment=&#8221;center&#8221;][\/vc_column][\/vc_row][vc_row][vc_column][vc_column_text]Rastoke \u2013 carstvo pje\u0161aka \u2013 vodeni\u010darsko naselje smje\u0161teno na mjestu gdje se modro-zelena voda Slunj\u010dice ulijeva u rijeku Koranu u du\u017eini od 600m preko niza sedrenih barijera i slapova od kojih svaki nosi svoje ime (Buk, Hrvoje, Vilina kosa, Konjski rep). [\/vc_column_text][\/vc_column][\/vc_row][vc_row][vc_column][vc_column_text]Prve mlinice datiraju iz 17. stolje\u0107a, pretpostavlja se i ranije. Najve\u0107i broj nastambi sagra\u0111en je krajem 19. i po\u010detkom 20. stolje\u0107a. Osnovni gra\u0111evni materijal je drvo i sedra.<\/p>\n<p>Zbog svojih izuzetnih prirodnih ljepota i povijesne tradicije Rastoke kao naselje uvr\u0161tene su 1962. godine pod za\u0161titu Dr\u017eavne uprave za za\u0161titu kulturne i povijesne ba\u0161tine.[\/vc_column_text][\/vc_column][\/vc_row]<\/p>\n","protected":false},"excerpt":{"rendered":"<p>[vc_row css=&#8221;.vc_custom_1520500474239{margin-bottom: 30px !important;}&#8221;][vc_column][vc_single_image image=&#8221;346&#8243; img_size=&#8221;full&#8221; alignment=&#8221;center&#8221;][\/vc_column][\/vc_row][vc_row][vc_column][vc_column_text]Rastoke \u2013 carstvo pje\u0161aka \u2013 vodeni\u010darsko naselje smje\u0161teno na mjestu gdje se modro-zelena voda Slunj\u010dice ulijeva u rijeku Koranu u du\u017eini od 600m preko<\/p>\n","protected":false},"author":1,"featured_media":0,"parent":0,"menu_order":0,"comment_status":"closed","ping_status":"closed","template":"","meta":{"_acf_changed":false,"footnotes":""},"class_list":["post-333","page","type-page","status-publish","hentry"],"acf":[],"_links":{"self":[{"href":"https:\/\/rastoke-croatia.com\/hr\/wp-json\/wp\/v2\/pages\/333","targetHints":{"allow":["GET"]}}],"collection":[{"href":"https:\/\/rastoke-croatia.com\/hr\/wp-json\/wp\/v2\/pages"}],"about":[{"href":"https:\/\/rastoke-croatia.com\/hr\/wp-json\/wp\/v2\/types\/page"}],"author":[{"embeddable":true,"href":"https:\/\/rastoke-croatia.com\/hr\/wp-json\/wp\/v2\/users\/1"}],"replies":[{"embeddable":true,"href":"https:\/\/rastoke-croatia.com\/hr\/wp-json\/wp\/v2\/comments?post=333"}],"version-history":[{"count":0,"href":"https:\/\/rastoke-croatia.com\/hr\/wp-json\/wp\/v2\/pages\/333\/revisions"}],"wp:attachment":[{"href":"https:\/\/rastoke-croatia.com\/hr\/wp-json\/wp\/v2\/media?parent=333"}],"curies":[{"name":"wp","href":"https:\/\/api.w.org\/{rel}","templated":true}]}}